{"id":8340,"date":"2022-07-16T16:12:06","date_gmt":"2022-07-16T15:12:06","guid":{"rendered":"https:\/\/intellact.lu\/product\/intellact-wuerfel\/"},"modified":"2022-07-16T16:12:06","modified_gmt":"2022-07-16T15:12:06","slug":"intellact-wuerfel","status":"publish","type":"product","link":"https:\/\/intellact.lu\/de\/product\/intellact-wuerfel\/","title":{"rendered":"InTellAct W\u00fcrfel"},"content":{"rendered":"<p>Die IN&gt;TELL&gt;ACT-W\u00fcrfel sowie die Verhaltensscheibe wurden entwickelt, um die 4 GRUNDS\u00c4TZE EINER LEBENSSTRATEGIE (4PPPP) zu veranschaulichen, die von Henri Laborit inspiriert wurden, um konkrete und greifbare Hilfsmittel f\u00fcr Schulungen, Therapien und Coaching-Sitzungen zur Verf\u00fcgung zu haben. Sie sind auch eine hervorragende ERINNERUNG f\u00fcr den Alltag. Die Bilder stammen aus dem LIFE PUZZLE, das vom INSTITUT IN&gt;TELL&gt;ACT entwickelt wurde.  <\/p>\n","protected":false},"excerpt":{"rendered":"<p>Die IN&gt;TELL&gt;ACT-W\u00fcrfel sowie die Verhaltensscheibe wurden entwickelt, um die 4 GRUNDS\u00c4TZE EINER LEBENSSTRATEGIE (4PPPP) zu veranschaulichen, die von Henri Laborit inspiriert wurden, um konkrete und greifbare Hilfsmittel f\u00fcr Schulungen, Therapien und Coaching-Sitzungen zur Verf\u00fcgung zu haben. Sie sind auch eine hervorragende ERINNERUNG f\u00fcr den Alltag. Die Bilder stammen aus dem LIFE PUZZLE, das vom INSTITUT [&hellip;]<\/p>\n","protected":false},"featured_media":8245,"comment_status":"closed","ping_status":"closed","template":"","meta":{"inline_featured_image":false},"product_brand":[],"product_cat":[78,66],"product_tag":[],"class_list":{"0":"post-8340","1":"product","2":"type-product","3":"status-publish","4":"has-post-thumbnail","6":"product_cat-wurfel","7":"product_cat-nicht-kategorisiert","8":"product_shipping_class-kostenloser-versand","10":"first","11":"instock","12":"downloadable","13":"taxable","14":"shipping-taxable","15":"purchasable","16":"product-type-simple"},"yoast_head":"<!-- This site is optimized with the Yoast SEO plugin v26.1.1 - https:\/\/yoast.com\/wordpress\/plugins\/seo\/ -->\n<title>InTellAct W\u00fcrfel - INTELLACT<\/title>\n<meta name=\"robots\" content=\"index, follow, max-snippet:-1, max-image-preview:large, max-video-preview:-1\" \/>\n<link rel=\"canonical\" href=\"https:\/\/intellact.lu\/de\/product\/intellact-wuerfel\/\" \/>\n<meta property=\"og:locale\" content=\"de_DE\" \/>\n<meta property=\"og:type\" content=\"article\" \/>\n<meta property=\"og:title\" content=\"InTellAct W\u00fcrfel - INTELLACT\" \/>\n<meta property=\"og:description\" content=\"Die IN&gt;TELL&gt;ACT-W\u00fcrfel sowie die Verhaltensscheibe wurden entwickelt, um die 4 GRUNDS\u00c4TZE EINER LEBENSSTRATEGIE (4PPPP) zu veranschaulichen, die von Henri Laborit inspiriert wurden, um konkrete und greifbare Hilfsmittel f\u00fcr Schulungen, Therapien und Coaching-Sitzungen zur Verf\u00fcgung zu haben. Sie sind auch eine hervorragende ERINNERUNG f\u00fcr den Alltag. Die Bilder stammen aus dem LIFE PUZZLE, das vom INSTITUT [&hellip;]\" \/>\n<meta property=\"og:url\" content=\"https:\/\/intellact.lu\/de\/product\/intellact-wuerfel\/\" \/>\n<meta property=\"og:site_name\" content=\"INTELLACT\" \/>\n<meta property=\"og:image\" content=\"https:\/\/intellact.lu\/wp-content\/uploads\/2022\/07\/cubes.jpg\" \/>\n\t<meta property=\"og:image:width\" content=\"1320\" \/>\n\t<meta property=\"og:image:height\" content=\"724\" \/>\n\t<meta property=\"og:image:type\" content=\"image\/jpeg\" \/>\n<meta name=\"twitter:card\" content=\"summary_large_image\" \/>\n<script type=\"application\/ld+json\" class=\"yoast-schema-graph\">{\"@context\":\"https:\/\/schema.org\",\"@graph\":[{\"@type\":\"WebPage\",\"@id\":\"https:\/\/intellact.lu\/de\/product\/intellact-wuerfel\/\",\"url\":\"https:\/\/intellact.lu\/de\/product\/intellact-wuerfel\/\",\"name\":\"InTellAct W\u00fcrfel - INTELLACT\",\"isPartOf\":{\"@id\":\"https:\/\/intellact.lu\/de\/#website\"},\"primaryImageOfPage\":{\"@id\":\"https:\/\/intellact.lu\/de\/product\/intellact-wuerfel\/#primaryimage\"},\"image\":{\"@id\":\"https:\/\/intellact.lu\/de\/product\/intellact-wuerfel\/#primaryimage\"},\"thumbnailUrl\":\"https:\/\/intellact.lu\/wp-content\/uploads\/2022\/07\/cubes.jpg\",\"datePublished\":\"2022-07-16T15:12:06+00:00\",\"breadcrumb\":{\"@id\":\"https:\/\/intellact.lu\/de\/product\/intellact-wuerfel\/#breadcrumb\"},\"inLanguage\":\"de\",\"potentialAction\":[{\"@type\":\"ReadAction\",\"target\":[\"https:\/\/intellact.lu\/de\/product\/intellact-wuerfel\/\"]}]},{\"@type\":\"ImageObject\",\"inLanguage\":\"de\",\"@id\":\"https:\/\/intellact.lu\/de\/product\/intellact-wuerfel\/#primaryimage\",\"url\":\"https:\/\/intellact.lu\/wp-content\/uploads\/2022\/07\/cubes.jpg\",\"contentUrl\":\"https:\/\/intellact.lu\/wp-content\/uploads\/2022\/07\/cubes.jpg\",\"width\":1320,\"height\":724},{\"@type\":\"BreadcrumbList\",\"@id\":\"https:\/\/intellact.lu\/de\/product\/intellact-wuerfel\/#breadcrumb\",\"itemListElement\":[{\"@type\":\"ListItem\",\"position\":1,\"name\":\"Accueil\",\"item\":\"https:\/\/intellact.lu\/de\/\"},{\"@type\":\"ListItem\",\"position\":2,\"name\":\"Produkte\",\"item\":\"https:\/\/intellact.lu\/de\/shop\/\"},{\"@type\":\"ListItem\",\"position\":3,\"name\":\"InTellAct W\u00fcrfel\"}]},{\"@type\":\"WebSite\",\"@id\":\"https:\/\/intellact.lu\/de\/#website\",\"url\":\"https:\/\/intellact.lu\/de\/\",\"name\":\"INTELLACT\",\"description\":\"Life Strategy Concept\",\"publisher\":{\"@id\":\"https:\/\/intellact.lu\/de\/#organization\"},\"potentialAction\":[{\"@type\":\"SearchAction\",\"target\":{\"@type\":\"EntryPoint\",\"urlTemplate\":\"https:\/\/intellact.lu\/de\/?s={search_term_string}\"},\"query-input\":{\"@type\":\"PropertyValueSpecification\",\"valueRequired\":true,\"valueName\":\"search_term_string\"}}],\"inLanguage\":\"de\"},{\"@type\":\"Organization\",\"@id\":\"https:\/\/intellact.lu\/de\/#organization\",\"name\":\"INTELLACT\",\"url\":\"https:\/\/intellact.lu\/de\/\",\"logo\":{\"@type\":\"ImageObject\",\"inLanguage\":\"de\",\"@id\":\"https:\/\/intellact.lu\/de\/#\/schema\/logo\/image\/\",\"url\":\"https:\/\/intellact.lu\/wp-content\/uploads\/2022\/01\/logo-intellact-black.png\",\"contentUrl\":\"https:\/\/intellact.lu\/wp-content\/uploads\/2022\/01\/logo-intellact-black.png\",\"width\":2262,\"height\":1099,\"caption\":\"INTELLACT\"},\"image\":{\"@id\":\"https:\/\/intellact.lu\/de\/#\/schema\/logo\/image\/\"}}]}<\/script>\n<!-- \/ Yoast SEO plugin. -->","yoast_head_json":{"title":"InTellAct W\u00fcrfel - INTELLACT","robots":{"index":"index","follow":"follow","max-snippet":"max-snippet:-1","max-image-preview":"max-image-preview:large","max-video-preview":"max-video-preview:-1"},"canonical":"https:\/\/intellact.lu\/de\/product\/intellact-wuerfel\/","og_locale":"de_DE","og_type":"article","og_title":"InTellAct W\u00fcrfel - INTELLACT","og_description":"Die IN&gt;TELL&gt;ACT-W\u00fcrfel sowie die Verhaltensscheibe wurden entwickelt, um die 4 GRUNDS\u00c4TZE EINER LEBENSSTRATEGIE (4PPPP) zu veranschaulichen, die von Henri Laborit inspiriert wurden, um konkrete und greifbare Hilfsmittel f\u00fcr Schulungen, Therapien und Coaching-Sitzungen zur Verf\u00fcgung zu haben. Sie sind auch eine hervorragende ERINNERUNG f\u00fcr den Alltag. Die Bilder stammen aus dem LIFE PUZZLE, das vom INSTITUT [&hellip;]","og_url":"https:\/\/intellact.lu\/de\/product\/intellact-wuerfel\/","og_site_name":"INTELLACT","og_image":[{"width":1320,"height":724,"url":"https:\/\/intellact.lu\/wp-content\/uploads\/2022\/07\/cubes.jpg","type":"image\/jpeg"}],"twitter_card":"summary_large_image","schema":{"@context":"https:\/\/schema.org","@graph":[{"@type":"WebPage","@id":"https:\/\/intellact.lu\/de\/product\/intellact-wuerfel\/","url":"https:\/\/intellact.lu\/de\/product\/intellact-wuerfel\/","name":"InTellAct W\u00fcrfel - INTELLACT","isPartOf":{"@id":"https:\/\/intellact.lu\/de\/#website"},"primaryImageOfPage":{"@id":"https:\/\/intellact.lu\/de\/product\/intellact-wuerfel\/#primaryimage"},"image":{"@id":"https:\/\/intellact.lu\/de\/product\/intellact-wuerfel\/#primaryimage"},"thumbnailUrl":"https:\/\/intellact.lu\/wp-content\/uploads\/2022\/07\/cubes.jpg","datePublished":"2022-07-16T15:12:06+00:00","breadcrumb":{"@id":"https:\/\/intellact.lu\/de\/product\/intellact-wuerfel\/#breadcrumb"},"inLanguage":"de","potentialAction":[{"@type":"ReadAction","target":["https:\/\/intellact.lu\/de\/product\/intellact-wuerfel\/"]}]},{"@type":"ImageObject","inLanguage":"de","@id":"https:\/\/intellact.lu\/de\/product\/intellact-wuerfel\/#primaryimage","url":"https:\/\/intellact.lu\/wp-content\/uploads\/2022\/07\/cubes.jpg","contentUrl":"https:\/\/intellact.lu\/wp-content\/uploads\/2022\/07\/cubes.jpg","width":1320,"height":724},{"@type":"BreadcrumbList","@id":"https:\/\/intellact.lu\/de\/product\/intellact-wuerfel\/#breadcrumb","itemListElement":[{"@type":"ListItem","position":1,"name":"Accueil","item":"https:\/\/intellact.lu\/de\/"},{"@type":"ListItem","position":2,"name":"Produkte","item":"https:\/\/intellact.lu\/de\/shop\/"},{"@type":"ListItem","position":3,"name":"InTellAct W\u00fcrfel"}]},{"@type":"WebSite","@id":"https:\/\/intellact.lu\/de\/#website","url":"https:\/\/intellact.lu\/de\/","name":"INTELLACT","description":"Life Strategy Concept","publisher":{"@id":"https:\/\/intellact.lu\/de\/#organization"},"potentialAction":[{"@type":"SearchAction","target":{"@type":"EntryPoint","urlTemplate":"https:\/\/intellact.lu\/de\/?s={search_term_string}"},"query-input":{"@type":"PropertyValueSpecification","valueRequired":true,"valueName":"search_term_string"}}],"inLanguage":"de"},{"@type":"Organization","@id":"https:\/\/intellact.lu\/de\/#organization","name":"INTELLACT","url":"https:\/\/intellact.lu\/de\/","logo":{"@type":"ImageObject","inLanguage":"de","@id":"https:\/\/intellact.lu\/de\/#\/schema\/logo\/image\/","url":"https:\/\/intellact.lu\/wp-content\/uploads\/2022\/01\/logo-intellact-black.png","contentUrl":"https:\/\/intellact.lu\/wp-content\/uploads\/2022\/01\/logo-intellact-black.png","width":2262,"height":1099,"caption":"INTELLACT"},"image":{"@id":"https:\/\/intellact.lu\/de\/#\/schema\/logo\/image\/"}}]}},"_links":{"self":[{"href":"https:\/\/intellact.lu\/de\/wp-json\/wp\/v2\/product\/8340","targetHints":{"allow":["GET"]}}],"collection":[{"href":"https:\/\/intellact.lu\/de\/wp-json\/wp\/v2\/product"}],"about":[{"href":"https:\/\/intellact.lu\/de\/wp-json\/wp\/v2\/types\/product"}],"replies":[{"embeddable":true,"href":"https:\/\/intellact.lu\/de\/wp-json\/wp\/v2\/comments?post=8340"}],"wp:featuredmedia":[{"embeddable":true,"href":"https:\/\/intellact.lu\/de\/wp-json\/wp\/v2\/media\/8245"}],"wp:attachment":[{"href":"https:\/\/intellact.lu\/de\/wp-json\/wp\/v2\/media?parent=8340"}],"wp:term":[{"taxonomy":"product_brand","embeddable":true,"href":"https:\/\/intellact.lu\/de\/wp-json\/wp\/v2\/product_brand?post=8340"},{"taxonomy":"product_cat","embeddable":true,"href":"https:\/\/intellact.lu\/de\/wp-json\/wp\/v2\/product_cat?post=8340"},{"taxonomy":"product_tag","embeddable":true,"href":"https:\/\/intellact.lu\/de\/wp-json\/wp\/v2\/product_tag?post=8340"}],"curies":[{"name":"wp","href":"https:\/\/api.w.org\/{rel}","templated":true}]}}