{"id":8333,"date":"2022-01-06T14:19:09","date_gmt":"2022-01-06T13:19:09","guid":{"rendered":"https:\/\/intellact.lu\/product\/karten-okno-stress\/"},"modified":"2022-01-06T14:19:09","modified_gmt":"2022-01-06T13:19:09","slug":"karten-okno-stress","status":"publish","type":"product","link":"https:\/\/intellact.lu\/de\/product\/karten-okno-stress\/","title":{"rendered":"Karten OkNO Stress"},"content":{"rendered":"<p>Die ANTI-STRESS-Karten sind eine noch weiter<br \/>\nentwickelte Reduktion des LIFE-PUZZLE.<br \/>\nOK NO STRESS-H\u00fclle<br \/>\nEs handelt sich um einen beidseitig bedruckten Karton, der als H\u00fclle gefaltet ist<br \/>\nmit 4 gestanzten Karten, die unter anderem Fenster zeigen, die auf<br \/>\nverschiedene Himmel blicken lassen (st\u00fcrmisch, stark bew\u00f6lkt, leicht bew\u00f6lkt, sonnig).<br \/>\nWenn die Karten abgetrennt sind, finden sie ihren Platz in der H\u00fclle.<br \/>\nDie Gebrauchsanweisung ist auf der Innenseite der H\u00fclle aufgedruckt.<\/p>\n","protected":false},"excerpt":{"rendered":"<p>Die ANTI-STRESS-KARTEN<\/p>\n","protected":false},"featured_media":7543,"comment_status":"open","ping_status":"closed","template":"","meta":{"inline_featured_image":false},"product_brand":[],"product_cat":[72,66],"product_tag":[],"class_list":{"0":"post-8333","1":"product","2":"type-product","3":"status-publish","4":"has-post-thumbnail","6":"product_cat-no-stress-de","7":"product_cat-nicht-kategorisiert","8":"product_shipping_class-kostenloser-versand","10":"first","11":"instock","12":"taxable","13":"shipping-taxable","14":"purchasable","15":"product-type-simple"},"yoast_head":"<!-- This site is optimized with the Yoast SEO plugin v26.1.1 - https:\/\/yoast.com\/wordpress\/plugins\/seo\/ -->\n<title>Karten OkNO Stress - INTELLACT<\/title>\n<meta name=\"robots\" content=\"index, follow, max-snippet:-1, max-image-preview:large, max-video-preview:-1\" \/>\n<link rel=\"canonical\" href=\"https:\/\/intellact.lu\/de\/product\/karten-okno-stress\/\" \/>\n<meta property=\"og:locale\" content=\"de_DE\" \/>\n<meta property=\"og:type\" content=\"article\" \/>\n<meta property=\"og:title\" content=\"Karten OkNO Stress - INTELLACT\" \/>\n<meta property=\"og:description\" content=\"Die ANTI-STRESS-KARTEN\" \/>\n<meta property=\"og:url\" content=\"https:\/\/intellact.lu\/de\/product\/karten-okno-stress\/\" \/>\n<meta property=\"og:site_name\" content=\"INTELLACT\" \/>\n<meta property=\"og:image\" content=\"https:\/\/intellact.lu\/wp-content\/uploads\/2025\/07\/IMG_3812-scaled.jpeg\" \/>\n\t<meta property=\"og:image:width\" content=\"2560\" \/>\n\t<meta property=\"og:image:height\" content=\"1920\" \/>\n\t<meta property=\"og:image:type\" content=\"image\/jpeg\" \/>\n<meta name=\"twitter:card\" content=\"summary_large_image\" \/>\n<script type=\"application\/ld+json\" class=\"yoast-schema-graph\">{\"@context\":\"https:\/\/schema.org\",\"@graph\":[{\"@type\":\"WebPage\",\"@id\":\"https:\/\/intellact.lu\/de\/product\/karten-okno-stress\/\",\"url\":\"https:\/\/intellact.lu\/de\/product\/karten-okno-stress\/\",\"name\":\"Karten OkNO Stress - INTELLACT\",\"isPartOf\":{\"@id\":\"https:\/\/intellact.lu\/de\/#website\"},\"primaryImageOfPage\":{\"@id\":\"https:\/\/intellact.lu\/de\/product\/karten-okno-stress\/#primaryimage\"},\"image\":{\"@id\":\"https:\/\/intellact.lu\/de\/product\/karten-okno-stress\/#primaryimage\"},\"thumbnailUrl\":\"https:\/\/intellact.lu\/wp-content\/uploads\/2025\/07\/IMG_3812-scaled.jpeg\",\"datePublished\":\"2022-01-06T13:19:09+00:00\",\"breadcrumb\":{\"@id\":\"https:\/\/intellact.lu\/de\/product\/karten-okno-stress\/#breadcrumb\"},\"inLanguage\":\"de\",\"potentialAction\":[{\"@type\":\"ReadAction\",\"target\":[\"https:\/\/intellact.lu\/de\/product\/karten-okno-stress\/\"]}]},{\"@type\":\"ImageObject\",\"inLanguage\":\"de\",\"@id\":\"https:\/\/intellact.lu\/de\/product\/karten-okno-stress\/#primaryimage\",\"url\":\"https:\/\/intellact.lu\/wp-content\/uploads\/2025\/07\/IMG_3812-scaled.jpeg\",\"contentUrl\":\"https:\/\/intellact.lu\/wp-content\/uploads\/2025\/07\/IMG_3812-scaled.jpeg\",\"width\":2560,\"height\":1920},{\"@type\":\"BreadcrumbList\",\"@id\":\"https:\/\/intellact.lu\/de\/product\/karten-okno-stress\/#breadcrumb\",\"itemListElement\":[{\"@type\":\"ListItem\",\"position\":1,\"name\":\"Accueil\",\"item\":\"https:\/\/intellact.lu\/de\/\"},{\"@type\":\"ListItem\",\"position\":2,\"name\":\"Produkte\",\"item\":\"https:\/\/intellact.lu\/de\/shop\/\"},{\"@type\":\"ListItem\",\"position\":3,\"name\":\"Karten OkNO Stress\"}]},{\"@type\":\"WebSite\",\"@id\":\"https:\/\/intellact.lu\/de\/#website\",\"url\":\"https:\/\/intellact.lu\/de\/\",\"name\":\"INTELLACT\",\"description\":\"Life Strategy Concept\",\"publisher\":{\"@id\":\"https:\/\/intellact.lu\/de\/#organization\"},\"potentialAction\":[{\"@type\":\"SearchAction\",\"target\":{\"@type\":\"EntryPoint\",\"urlTemplate\":\"https:\/\/intellact.lu\/de\/?s={search_term_string}\"},\"query-input\":{\"@type\":\"PropertyValueSpecification\",\"valueRequired\":true,\"valueName\":\"search_term_string\"}}],\"inLanguage\":\"de\"},{\"@type\":\"Organization\",\"@id\":\"https:\/\/intellact.lu\/de\/#organization\",\"name\":\"INTELLACT\",\"url\":\"https:\/\/intellact.lu\/de\/\",\"logo\":{\"@type\":\"ImageObject\",\"inLanguage\":\"de\",\"@id\":\"https:\/\/intellact.lu\/de\/#\/schema\/logo\/image\/\",\"url\":\"https:\/\/intellact.lu\/wp-content\/uploads\/2022\/01\/logo-intellact-black.png\",\"contentUrl\":\"https:\/\/intellact.lu\/wp-content\/uploads\/2022\/01\/logo-intellact-black.png\",\"width\":2262,\"height\":1099,\"caption\":\"INTELLACT\"},\"image\":{\"@id\":\"https:\/\/intellact.lu\/de\/#\/schema\/logo\/image\/\"}}]}<\/script>\n<!-- \/ Yoast SEO plugin. -->","yoast_head_json":{"title":"Karten OkNO Stress - INTELLACT","robots":{"index":"index","follow":"follow","max-snippet":"max-snippet:-1","max-image-preview":"max-image-preview:large","max-video-preview":"max-video-preview:-1"},"canonical":"https:\/\/intellact.lu\/de\/product\/karten-okno-stress\/","og_locale":"de_DE","og_type":"article","og_title":"Karten OkNO Stress - INTELLACT","og_description":"Die ANTI-STRESS-KARTEN","og_url":"https:\/\/intellact.lu\/de\/product\/karten-okno-stress\/","og_site_name":"INTELLACT","og_image":[{"width":2560,"height":1920,"url":"https:\/\/intellact.lu\/wp-content\/uploads\/2025\/07\/IMG_3812-scaled.jpeg","type":"image\/jpeg"}],"twitter_card":"summary_large_image","schema":{"@context":"https:\/\/schema.org","@graph":[{"@type":"WebPage","@id":"https:\/\/intellact.lu\/de\/product\/karten-okno-stress\/","url":"https:\/\/intellact.lu\/de\/product\/karten-okno-stress\/","name":"Karten OkNO Stress - INTELLACT","isPartOf":{"@id":"https:\/\/intellact.lu\/de\/#website"},"primaryImageOfPage":{"@id":"https:\/\/intellact.lu\/de\/product\/karten-okno-stress\/#primaryimage"},"image":{"@id":"https:\/\/intellact.lu\/de\/product\/karten-okno-stress\/#primaryimage"},"thumbnailUrl":"https:\/\/intellact.lu\/wp-content\/uploads\/2025\/07\/IMG_3812-scaled.jpeg","datePublished":"2022-01-06T13:19:09+00:00","breadcrumb":{"@id":"https:\/\/intellact.lu\/de\/product\/karten-okno-stress\/#breadcrumb"},"inLanguage":"de","potentialAction":[{"@type":"ReadAction","target":["https:\/\/intellact.lu\/de\/product\/karten-okno-stress\/"]}]},{"@type":"ImageObject","inLanguage":"de","@id":"https:\/\/intellact.lu\/de\/product\/karten-okno-stress\/#primaryimage","url":"https:\/\/intellact.lu\/wp-content\/uploads\/2025\/07\/IMG_3812-scaled.jpeg","contentUrl":"https:\/\/intellact.lu\/wp-content\/uploads\/2025\/07\/IMG_3812-scaled.jpeg","width":2560,"height":1920},{"@type":"BreadcrumbList","@id":"https:\/\/intellact.lu\/de\/product\/karten-okno-stress\/#breadcrumb","itemListElement":[{"@type":"ListItem","position":1,"name":"Accueil","item":"https:\/\/intellact.lu\/de\/"},{"@type":"ListItem","position":2,"name":"Produkte","item":"https:\/\/intellact.lu\/de\/shop\/"},{"@type":"ListItem","position":3,"name":"Karten OkNO Stress"}]},{"@type":"WebSite","@id":"https:\/\/intellact.lu\/de\/#website","url":"https:\/\/intellact.lu\/de\/","name":"INTELLACT","description":"Life Strategy Concept","publisher":{"@id":"https:\/\/intellact.lu\/de\/#organization"},"potentialAction":[{"@type":"SearchAction","target":{"@type":"EntryPoint","urlTemplate":"https:\/\/intellact.lu\/de\/?s={search_term_string}"},"query-input":{"@type":"PropertyValueSpecification","valueRequired":true,"valueName":"search_term_string"}}],"inLanguage":"de"},{"@type":"Organization","@id":"https:\/\/intellact.lu\/de\/#organization","name":"INTELLACT","url":"https:\/\/intellact.lu\/de\/","logo":{"@type":"ImageObject","inLanguage":"de","@id":"https:\/\/intellact.lu\/de\/#\/schema\/logo\/image\/","url":"https:\/\/intellact.lu\/wp-content\/uploads\/2022\/01\/logo-intellact-black.png","contentUrl":"https:\/\/intellact.lu\/wp-content\/uploads\/2022\/01\/logo-intellact-black.png","width":2262,"height":1099,"caption":"INTELLACT"},"image":{"@id":"https:\/\/intellact.lu\/de\/#\/schema\/logo\/image\/"}}]}},"_links":{"self":[{"href":"https:\/\/intellact.lu\/de\/wp-json\/wp\/v2\/product\/8333","targetHints":{"allow":["GET"]}}],"collection":[{"href":"https:\/\/intellact.lu\/de\/wp-json\/wp\/v2\/product"}],"about":[{"href":"https:\/\/intellact.lu\/de\/wp-json\/wp\/v2\/types\/product"}],"replies":[{"embeddable":true,"href":"https:\/\/intellact.lu\/de\/wp-json\/wp\/v2\/comments?post=8333"}],"wp:featuredmedia":[{"embeddable":true,"href":"https:\/\/intellact.lu\/de\/wp-json\/wp\/v2\/media\/7543"}],"wp:attachment":[{"href":"https:\/\/intellact.lu\/de\/wp-json\/wp\/v2\/media?parent=8333"}],"wp:term":[{"taxonomy":"product_brand","embeddable":true,"href":"https:\/\/intellact.lu\/de\/wp-json\/wp\/v2\/product_brand?post=8333"},{"taxonomy":"product_cat","embeddable":true,"href":"https:\/\/intellact.lu\/de\/wp-json\/wp\/v2\/product_cat?post=8333"},{"taxonomy":"product_tag","embeddable":true,"href":"https:\/\/intellact.lu\/de\/wp-json\/wp\/v2\/product_tag?post=8333"}],"curies":[{"name":"wp","href":"https:\/\/api.w.org\/{rel}","templated":true}]}}