{"id":8396,"date":"2025-05-21T14:25:12","date_gmt":"2025-05-21T13:25:12","guid":{"rendered":"https:\/\/intellact.lu\/warenkorb\/"},"modified":"2025-08-25T16:27:30","modified_gmt":"2025-08-25T15:27:30","slug":"warenkorb","status":"publish","type":"page","link":"https:\/\/intellact.lu\/de\/warenkorb\/","title":{"rendered":"Warenkorb"},"content":{"rendered":"\t\t<div data-elementor-type=\"wp-page\" data-elementor-id=\"8396\" class=\"elementor elementor-8396 elementor-6978\" data-elementor-post-type=\"page\">\n\t\t\t\t<div class=\"elementor-element elementor-element-ff49f72 e-con-full e-flex e-con e-parent\" data-id=\"ff49f72\" data-element_type=\"container\">\n\t\t<div class=\"elementor-element elementor-element-4c98345 e-con-full e-flex e-con e-child\" data-id=\"4c98345\" data-element_type=\"container\" data-settings=\"{&quot;background_background&quot;:&quot;classic&quot;}\">\n\t\t\t\t<div class=\"elementor-element elementor-element-b4ac5fe elementor-widget elementor-widget-heading\" data-id=\"b4ac5fe\" data-element_type=\"widget\" data-widget_type=\"heading.default\">\n\t\t\t\t<div class=\"elementor-widget-container\">\n\t\t\t\t\t<h2 class=\"elementor-heading-title elementor-size-default\">Ihr Warenkorb<\/h2>\t\t\t\t<\/div>\n\t\t\t\t<\/div>\n\t\t\t\t<div class=\"elementor-element elementor-element-ca138dd elementor-widget elementor-widget-image\" data-id=\"ca138dd\" data-element_type=\"widget\" data-widget_type=\"image.default\">\n\t\t\t\t<div class=\"elementor-widget-container\">\n\t\t\t\t\t\t\t\t\t\t\t\t\t\t\t<img fetchpriority=\"high\" decoding=\"async\" width=\"800\" height=\"800\" src=\"https:\/\/intellact.lu\/wp-content\/uploads\/2025\/05\/intellact-figurines-5.svg\" class=\"attachment-large size-large wp-image-8221\" alt=\"\" \/>\t\t\t\t\t\t\t\t\t\t\t\t\t\t\t<\/div>\n\t\t\t\t<\/div>\n\t\t\t\t<\/div>\n\t\t\t\t<\/div>\n\t\t<div class=\"elementor-element elementor-element-025a25c e-con-full e-flex e-con e-parent\" data-id=\"025a25c\" data-element_type=\"container\">\n\t\t\t\t<div class=\"elementor-element elementor-element-bef389f pp-woo-cart-checkout-button-auto pp-woo-cart-return-to-shop-button-auto elementor-widget elementor-widget-pp-woo-cart\" data-id=\"bef389f\" data-element_type=\"widget\" data-settings=\"{&quot;update_cart_automatically&quot;:&quot;yes&quot;,&quot;show_cross_sells&quot;:&quot;yes&quot;}\" data-widget_type=\"pp-woo-cart.default\">\n\t\t\t\t<div class=\"elementor-widget-container\">\n\t\t\t\t\t\t\t\n\t\t<div class=\"pp-woocommerce pp-woo-cart\" id=\"pp-woo-cart-bef389f\">\n\t\t\t\t\t<\/div>\n\n\t\t\t\t\t\t\t\t<\/div>\n\t\t\t\t<\/div>\n\t\t\t\t<div class=\"elementor-element elementor-element-491a85c elementor-widget elementor-widget-html\" data-id=\"491a85c\" data-element_type=\"widget\" data-widget_type=\"html.default\">\n\t\t\t\t<div class=\"elementor-widget-container\">\n\t\t\t\t\t<script>document.addEventListener(\"DOMContentLoaded\", () => {\n  const links = document.querySelectorAll(\"td.product-name a, td.product-thumbnail a\");\n\n  links.forEach(link => {\n    link.replaceWith(...link.childNodes);\n  });\n});\n<\/script>\t\t\t\t<\/div>\n\t\t\t\t<\/div>\n\t\t\t\t<\/div>\n\t\t\t\t<\/div>\n\t\t","protected":false},"excerpt":{"rendered":"<p>Ihr Warenkorb Supprimer l\u2019\u00e9l\u00e9ment Miniature Produit Prix Quantit\u00e9 Sous-total &times; Cubes InTellAct 149,00&nbsp;&euro; quantit\u00e9 de Cubes InTellAct&nbsp; 149,00&nbsp;&euro; Gesamtbetrag des Warenkorbs Sous-total 149,00&nbsp;&euro; Exp\u00e9dition Forfait Les options de livraison seront mises \u00e0 jour lors de la commande. Calculer les frais d\u2019exp\u00e9dition Pays\/r\u00e9gion\u00a0: S\u00e9lectionner un pays\/r\u00e9gion\u2026AllemagneAutricheBelgiqueBulgarieChypreCroatieDanemarkEspagneEstonieFinlandeFranceGr\u00e8ceHongrieIrlandeItalieLettonieLituanieLuxembourgMaltePays-BasPolognePortugalRoumanieR\u00e9publique Tch\u00e8queSlovaquieSlov\u00e9nieSu\u00e8de Ville\u00a0: Code postal Modifier TVA 25,33&nbsp;&euro; Total 174,33&nbsp;&euro; Zur [&hellip;]<\/p>\n","protected":false},"author":12,"featured_media":0,"parent":0,"menu_order":0,"comment_status":"closed","ping_status":"closed","template":"elementor_header_footer","meta":{"inline_featured_image":false,"footnotes":""},"class_list":["post-8396","page","type-page","status-publish","hentry"],"yoast_head":"<!-- This site is optimized with the Yoast SEO plugin v26.1.1 - https:\/\/yoast.com\/wordpress\/plugins\/seo\/ -->\n<title>Warenkorb - INTELLACT<\/title>\n<meta name=\"robots\" content=\"index, follow, max-snippet:-1, max-image-preview:large, max-video-preview:-1\" \/>\n<link rel=\"canonical\" href=\"https:\/\/intellact.lu\/de\/warenkorb\/\" \/>\n<meta property=\"og:locale\" content=\"de_DE\" \/>\n<meta property=\"og:type\" content=\"article\" \/>\n<meta property=\"og:title\" content=\"Warenkorb - INTELLACT\" \/>\n<meta property=\"og:description\" content=\"Ihr Warenkorb Supprimer l\u2019\u00e9l\u00e9ment Miniature Produit Prix Quantit\u00e9 Sous-total &times; Cubes InTellAct 149,00&nbsp;&euro; quantit\u00e9 de Cubes InTellAct&nbsp; 149,00&nbsp;&euro; Gesamtbetrag des Warenkorbs Sous-total 149,00&nbsp;&euro; Exp\u00e9dition Forfait Les options de livraison seront mises \u00e0 jour lors de la commande. Calculer les frais d\u2019exp\u00e9dition Pays\/r\u00e9gion\u00a0: S\u00e9lectionner un pays\/r\u00e9gion\u2026AllemagneAutricheBelgiqueBulgarieChypreCroatieDanemarkEspagneEstonieFinlandeFranceGr\u00e8ceHongrieIrlandeItalieLettonieLituanieLuxembourgMaltePays-BasPolognePortugalRoumanieR\u00e9publique Tch\u00e8queSlovaquieSlov\u00e9nieSu\u00e8de Ville\u00a0: Code postal Modifier TVA 25,33&nbsp;&euro; Total 174,33&nbsp;&euro; Zur [&hellip;]\" \/>\n<meta property=\"og:url\" content=\"https:\/\/intellact.lu\/de\/warenkorb\/\" \/>\n<meta property=\"og:site_name\" content=\"INTELLACT\" \/>\n<meta property=\"article:modified_time\" content=\"2025-08-25T15:27:30+00:00\" \/>\n<meta name=\"twitter:card\" content=\"summary_large_image\" \/>\n<meta name=\"twitter:label1\" content=\"Gesch\u00e4tzte Lesezeit\" \/>\n\t<meta name=\"twitter:data1\" content=\"1\u00a0Minute\" \/>\n<script type=\"application\/ld+json\" class=\"yoast-schema-graph\">{\"@context\":\"https:\/\/schema.org\",\"@graph\":[{\"@type\":\"WebPage\",\"@id\":\"https:\/\/intellact.lu\/de\/warenkorb\/\",\"url\":\"https:\/\/intellact.lu\/de\/warenkorb\/\",\"name\":\"Warenkorb - INTELLACT\",\"isPartOf\":{\"@id\":\"https:\/\/intellact.lu\/de\/#website\"},\"primaryImageOfPage\":{\"@id\":\"https:\/\/intellact.lu\/de\/warenkorb\/#primaryimage\"},\"image\":{\"@id\":\"https:\/\/intellact.lu\/de\/warenkorb\/#primaryimage\"},\"thumbnailUrl\":\"https:\/\/intellact.lu\/wp-content\/uploads\/2025\/05\/intellact-figurines-5.svg\",\"datePublished\":\"2025-05-21T13:25:12+00:00\",\"dateModified\":\"2025-08-25T15:27:30+00:00\",\"breadcrumb\":{\"@id\":\"https:\/\/intellact.lu\/de\/warenkorb\/#breadcrumb\"},\"inLanguage\":\"de\",\"potentialAction\":[{\"@type\":\"ReadAction\",\"target\":[\"https:\/\/intellact.lu\/de\/warenkorb\/\"]}]},{\"@type\":\"ImageObject\",\"inLanguage\":\"de\",\"@id\":\"https:\/\/intellact.lu\/de\/warenkorb\/#primaryimage\",\"url\":\"https:\/\/intellact.lu\/wp-content\/uploads\/2025\/05\/intellact-figurines-5.svg\",\"contentUrl\":\"https:\/\/intellact.lu\/wp-content\/uploads\/2025\/05\/intellact-figurines-5.svg\"},{\"@type\":\"BreadcrumbList\",\"@id\":\"https:\/\/intellact.lu\/de\/warenkorb\/#breadcrumb\",\"itemListElement\":[{\"@type\":\"ListItem\",\"position\":1,\"name\":\"Accueil\",\"item\":\"https:\/\/intellact.lu\/de\/\"},{\"@type\":\"ListItem\",\"position\":2,\"name\":\"Warenkorb\"}]},{\"@type\":\"WebSite\",\"@id\":\"https:\/\/intellact.lu\/de\/#website\",\"url\":\"https:\/\/intellact.lu\/de\/\",\"name\":\"INTELLACT\",\"description\":\"Life Strategy Concept\",\"publisher\":{\"@id\":\"https:\/\/intellact.lu\/de\/#organization\"},\"potentialAction\":[{\"@type\":\"SearchAction\",\"target\":{\"@type\":\"EntryPoint\",\"urlTemplate\":\"https:\/\/intellact.lu\/de\/?s={search_term_string}\"},\"query-input\":{\"@type\":\"PropertyValueSpecification\",\"valueRequired\":true,\"valueName\":\"search_term_string\"}}],\"inLanguage\":\"de\"},{\"@type\":\"Organization\",\"@id\":\"https:\/\/intellact.lu\/de\/#organization\",\"name\":\"INTELLACT\",\"url\":\"https:\/\/intellact.lu\/de\/\",\"logo\":{\"@type\":\"ImageObject\",\"inLanguage\":\"de\",\"@id\":\"https:\/\/intellact.lu\/de\/#\/schema\/logo\/image\/\",\"url\":\"https:\/\/intellact.lu\/wp-content\/uploads\/2022\/01\/logo-intellact-black.png\",\"contentUrl\":\"https:\/\/intellact.lu\/wp-content\/uploads\/2022\/01\/logo-intellact-black.png\",\"width\":2262,\"height\":1099,\"caption\":\"INTELLACT\"},\"image\":{\"@id\":\"https:\/\/intellact.lu\/de\/#\/schema\/logo\/image\/\"}}]}<\/script>\n<!-- \/ Yoast SEO plugin. -->","yoast_head_json":{"title":"Warenkorb - INTELLACT","robots":{"index":"index","follow":"follow","max-snippet":"max-snippet:-1","max-image-preview":"max-image-preview:large","max-video-preview":"max-video-preview:-1"},"canonical":"https:\/\/intellact.lu\/de\/warenkorb\/","og_locale":"de_DE","og_type":"article","og_title":"Warenkorb - INTELLACT","og_description":"Ihr Warenkorb Supprimer l\u2019\u00e9l\u00e9ment Miniature Produit Prix Quantit\u00e9 Sous-total &times; Cubes InTellAct 149,00&nbsp;&euro; quantit\u00e9 de Cubes InTellAct&nbsp; 149,00&nbsp;&euro; Gesamtbetrag des Warenkorbs Sous-total 149,00&nbsp;&euro; Exp\u00e9dition Forfait Les options de livraison seront mises \u00e0 jour lors de la commande. Calculer les frais d\u2019exp\u00e9dition Pays\/r\u00e9gion\u00a0: S\u00e9lectionner un pays\/r\u00e9gion\u2026AllemagneAutricheBelgiqueBulgarieChypreCroatieDanemarkEspagneEstonieFinlandeFranceGr\u00e8ceHongrieIrlandeItalieLettonieLituanieLuxembourgMaltePays-BasPolognePortugalRoumanieR\u00e9publique Tch\u00e8queSlovaquieSlov\u00e9nieSu\u00e8de Ville\u00a0: Code postal Modifier TVA 25,33&nbsp;&euro; Total 174,33&nbsp;&euro; Zur [&hellip;]","og_url":"https:\/\/intellact.lu\/de\/warenkorb\/","og_site_name":"INTELLACT","article_modified_time":"2025-08-25T15:27:30+00:00","twitter_card":"summary_large_image","twitter_misc":{"Gesch\u00e4tzte Lesezeit":"1\u00a0Minute"},"schema":{"@context":"https:\/\/schema.org","@graph":[{"@type":"WebPage","@id":"https:\/\/intellact.lu\/de\/warenkorb\/","url":"https:\/\/intellact.lu\/de\/warenkorb\/","name":"Warenkorb - INTELLACT","isPartOf":{"@id":"https:\/\/intellact.lu\/de\/#website"},"primaryImageOfPage":{"@id":"https:\/\/intellact.lu\/de\/warenkorb\/#primaryimage"},"image":{"@id":"https:\/\/intellact.lu\/de\/warenkorb\/#primaryimage"},"thumbnailUrl":"https:\/\/intellact.lu\/wp-content\/uploads\/2025\/05\/intellact-figurines-5.svg","datePublished":"2025-05-21T13:25:12+00:00","dateModified":"2025-08-25T15:27:30+00:00","breadcrumb":{"@id":"https:\/\/intellact.lu\/de\/warenkorb\/#breadcrumb"},"inLanguage":"de","potentialAction":[{"@type":"ReadAction","target":["https:\/\/intellact.lu\/de\/warenkorb\/"]}]},{"@type":"ImageObject","inLanguage":"de","@id":"https:\/\/intellact.lu\/de\/warenkorb\/#primaryimage","url":"https:\/\/intellact.lu\/wp-content\/uploads\/2025\/05\/intellact-figurines-5.svg","contentUrl":"https:\/\/intellact.lu\/wp-content\/uploads\/2025\/05\/intellact-figurines-5.svg"},{"@type":"BreadcrumbList","@id":"https:\/\/intellact.lu\/de\/warenkorb\/#breadcrumb","itemListElement":[{"@type":"ListItem","position":1,"name":"Accueil","item":"https:\/\/intellact.lu\/de\/"},{"@type":"ListItem","position":2,"name":"Warenkorb"}]},{"@type":"WebSite","@id":"https:\/\/intellact.lu\/de\/#website","url":"https:\/\/intellact.lu\/de\/","name":"INTELLACT","description":"Life Strategy Concept","publisher":{"@id":"https:\/\/intellact.lu\/de\/#organization"},"potentialAction":[{"@type":"SearchAction","target":{"@type":"EntryPoint","urlTemplate":"https:\/\/intellact.lu\/de\/?s={search_term_string}"},"query-input":{"@type":"PropertyValueSpecification","valueRequired":true,"valueName":"search_term_string"}}],"inLanguage":"de"},{"@type":"Organization","@id":"https:\/\/intellact.lu\/de\/#organization","name":"INTELLACT","url":"https:\/\/intellact.lu\/de\/","logo":{"@type":"ImageObject","inLanguage":"de","@id":"https:\/\/intellact.lu\/de\/#\/schema\/logo\/image\/","url":"https:\/\/intellact.lu\/wp-content\/uploads\/2022\/01\/logo-intellact-black.png","contentUrl":"https:\/\/intellact.lu\/wp-content\/uploads\/2022\/01\/logo-intellact-black.png","width":2262,"height":1099,"caption":"INTELLACT"},"image":{"@id":"https:\/\/intellact.lu\/de\/#\/schema\/logo\/image\/"}}]}},"_links":{"self":[{"href":"https:\/\/intellact.lu\/de\/wp-json\/wp\/v2\/pages\/8396","targetHints":{"allow":["GET"]}}],"collection":[{"href":"https:\/\/intellact.lu\/de\/wp-json\/wp\/v2\/pages"}],"about":[{"href":"https:\/\/intellact.lu\/de\/wp-json\/wp\/v2\/types\/page"}],"author":[{"embeddable":true,"href":"https:\/\/intellact.lu\/de\/wp-json\/wp\/v2\/users\/12"}],"replies":[{"embeddable":true,"href":"https:\/\/intellact.lu\/de\/wp-json\/wp\/v2\/comments?post=8396"}],"version-history":[{"count":4,"href":"https:\/\/intellact.lu\/de\/wp-json\/wp\/v2\/pages\/8396\/revisions"}],"predecessor-version":[{"id":8449,"href":"https:\/\/intellact.lu\/de\/wp-json\/wp\/v2\/pages\/8396\/revisions\/8449"}],"wp:attachment":[{"href":"https:\/\/intellact.lu\/de\/wp-json\/wp\/v2\/media?parent=8396"}],"curies":[{"name":"wp","href":"https:\/\/api.w.org\/{rel}","templated":true}]}}